{"id":115,"date":"2011-05-01T00:03:49","date_gmt":"2011-05-01T00:03:49","guid":{"rendered":"http:\/\/vu2057.harry.1984.is\/?page_id=115"},"modified":"2022-04-03T03:54:45","modified_gmt":"2022-04-03T03:54:45","slug":"raektunarstefna","status":"publish","type":"page","link":"https:\/\/www.vorsteh.is\/?page_id=115","title":{"rendered":"R\u00e6ktunarstefna"},"content":{"rendered":"<p>Stj\u00f3rn vorstehdeildar hefur \u00e1kve\u00f0i\u00f0 eftirfarandi r\u00e6ktunarstefnu.<\/p>\n<p>\u00deau r\u00e6ktunard\u00fdr sem skal para hafi veri\u00f0;<\/p>\n<p>Mja\u00f0mamyndu\u00f0\u00a0og greining s\u00e9 A e\u00f0a B (HD FRI).<\/p>\n<p>S\u00fdnd a\u00f0 minnsta kosti einu sinni \u00e1 s\u00fdningu HRF\u00cd e\u00f0a hj\u00e1 \u00f6\u00f0rum f\u00e9l\u00f6gum vi\u00f0urkenndum af FCI og n\u00e1\u00f0 a.m.k. Very Good\u00a0 \u00ed OFL e\u00f0a VFL.<\/p>\n<p>N\u00e1\u00f0 a.m.k. 2. Einkunni \u00ed opnum flokki \u00ed vei\u00f0ipr\u00f3fi \u00e1 \u00cdslandi e\u00f0a samb\u00e6rilegri einkunn hj\u00e1 kl\u00fabbum erlendis vi\u00f0urkenndum af FCI.<\/p>\n<p>R\u00e6ktunarstj\u00f3rn minnir r\u00e6ktendur \u00e1 \u00e1kv\u00e6\u00f0i \u00ed grundvallarreglum HRF\u00cd um l\u00e1gmarksaldur t\u00edkur vi\u00f0 p\u00f6run, 2 \u00e1r\u00a0 og h\u00e1marksfj\u00f6lda gota \u00e1 t\u00edk 5.<\/p>\n<p>\u00deessi r\u00e6ktunarstefna gildir fr\u00e1 18 mars 2014!<\/p>\n","protected":false},"excerpt":{"rendered":"<p>Stj\u00f3rn vorstehdeildar hefur \u00e1kve\u00f0i\u00f0 eftirfarandi r\u00e6ktunarstefnu. \u00deau r\u00e6ktunard\u00fdr sem skal para hafi veri\u00f0; Mja\u00f0mamyndu\u00f0\u00a0og greining s\u00e9 A e\u00f0a B (HD FRI). S\u00fdnd a\u00f0 minnsta kosti einu sinni \u00e1 s\u00fdningu HRF\u00cd e\u00f0a hj\u00e1 \u00f6\u00f0rum f\u00e9l\u00f6gum vi\u00f0urkenndum af FCI og n\u00e1\u00f0 a.m.k. &hellip; <a href=\"https:\/\/www.vorsteh.is\/?page_id=115\">Halda \u00e1fram a\u00f0 lesa <span class=\"meta-nav\">&rarr;<\/span><\/a><\/p>\n","protected":false},"author":1,"featured_media":0,"parent":18,"menu_order":0,"comment_status":"closed","ping_status":"closed","template":"","meta":{"_monsterinsights_skip_tracking":false,"_monsterinsights_sitenote_active":false,"_monsterinsights_sitenote_note":"","_monsterinsights_sitenote_category":0,"ngg_post_thumbnail":0,"_mc_calendar":[],"footnotes":""},"class_list":["post-115","page","type-page","status-publish","hentry"],"_links":{"self":[{"href":"https:\/\/www.vorsteh.is\/index.php?rest_route=\/wp\/v2\/pages\/115","targetHints":{"allow":["GET"]}}],"collection":[{"href":"https:\/\/www.vorsteh.is\/index.php?rest_route=\/wp\/v2\/pages"}],"about":[{"href":"https:\/\/www.vorsteh.is\/index.php?rest_route=\/wp\/v2\/types\/page"}],"author":[{"embeddable":true,"href":"https:\/\/www.vorsteh.is\/index.php?rest_route=\/wp\/v2\/users\/1"}],"replies":[{"embeddable":true,"href":"https:\/\/www.vorsteh.is\/index.php?rest_route=%2Fwp%2Fv2%2Fcomments&post=115"}],"version-history":[{"count":4,"href":"https:\/\/www.vorsteh.is\/index.php?rest_route=\/wp\/v2\/pages\/115\/revisions"}],"predecessor-version":[{"id":6719,"href":"https:\/\/www.vorsteh.is\/index.php?rest_route=\/wp\/v2\/pages\/115\/revisions\/6719"}],"up":[{"embeddable":true,"href":"https:\/\/www.vorsteh.is\/index.php?rest_route=\/wp\/v2\/pages\/18"}],"wp:attachment":[{"href":"https:\/\/www.vorsteh.is\/index.php?rest_route=%2Fwp%2Fv2%2Fmedia&parent=115"}],"curies":[{"name":"wp","href":"https:\/\/api.w.org\/{rel}","templated":true}]}}