{"id":117,"date":"2011-05-01T00:04:34","date_gmt":"2011-05-01T00:04:34","guid":{"rendered":"http:\/\/vu2057.harry.1984.is\/?page_id=117"},"modified":"2022-04-04T00:40:51","modified_gmt":"2022-04-04T00:40:51","slug":"veidimeistarar","status":"publish","type":"page","link":"https:\/\/www.vorsteh.is\/?page_id=117","title":{"rendered":"Vei\u00f0imeistarar"},"content":{"rendered":"<p>H\u00e9r a\u00f0 ne\u00f0an er listi yfir vei\u00f0imeistara af Vorsteh kyni. Vorsteh stofninn er sterkur \u00e1 \u00cdslandi sem s\u00e9st best \u00e1 \u00fev\u00ed hversu margir Vorsteh hundar hafa n\u00e1\u00f0 vei\u00f0imeistaratitlinum. Eigendur \u00feessara hunda geta veri\u00f0 stoltir af hundum s\u00ednum og \u00feeim \u00e1rangri \u00ed \u00fej\u00e1lfun sem \u00feeir sj\u00e1lfir hafa n\u00e1\u00f0. Til hamingju me\u00f0 \u00fea\u00f0!<\/p>\n<p><em>Listinn er ekki t\u00e6mandi, enn eiga eftir a\u00f0 berast frekari uppl\u00fdsingar um vei\u00f0imeistara<\/em>.<\/p>\n<p style=\"text-align: left;\"><strong>Nafn Vei\u00f0imeistara\u00a0\u00a0<\/strong>\u00a0\u00a0\u00a0\u00a0\u00a0\u00a0\u00a0\u00a0\u00a0\u00a0\u00a0\u00a0\u00a0\u00a0\u00a0\u00a0\u00a0\u00a0\u00a0\u00a0\u00a0\u00a0\u00a0\u00a0\u00a0\u00a0\u00a0\u00a0\u00a0\u00a0\u00a0\u00a0\u00a0\u00a0\u00a0 \u00a0\u00a0\u00a0\u00a0\u00a0\u00a0\u00a0 <strong>Eigandi<\/strong><\/p>\n<p style=\"text-align: left;\">ISFtCh G\u00e6fu Beethoven\u00a0\u00a0\u00a0\u00a0\u00a0\u00a0\u00a0\u00a0\u00a0\u00a0\u00a0\u00a0\u00a0\u00a0\u00a0\u00a0\u00a0\u00a0\u00a0\u00a0\u00a0\u00a0\u00a0\u00a0\u00a0\u00a0\u00a0\u00a0\u00a0\u00a0\u00a0\u00a0\u00a0\u00a0\u00a0\u00a0\u00a0\u00a0 Edwin \u00c1rnason<\/p>\n<p style=\"text-align: left;\">ISCH C.I.B ISFtCh G\u00e6fu Beretta\u00a0 \u00a0 \u00a0 \u00a0 \u00a0 \u00a0 \u00a0 \u00a0 \u00a0 \u00a0 \u00a0 \u00a0 P\u00e9tur Alan Gu\u00f0mundsson<\/p>\n<p style=\"text-align: left;\">ISFtCH D\u00edmon\u00a0 \u00a0 \u00a0 \u00a0 \u00a0 \u00a0 \u00a0 \u00a0 \u00a0 \u00a0 \u00a0 \u00a0 \u00a0 \u00a0 \u00a0 \u00a0 \u00a0 \u00a0 \u00a0 \u00a0 \u00a0 \u00a0 \u00a0 \u00a0 \u00a0 \u00a0 \u00a0 \u00a0 J\u00f3n Gar\u00f0ar \u00de\u00f3rarinsson<\/p>\n<p style=\"text-align: left;\">ISCh ISFtCh \u00d3\u00f0inn\u00a0 \u00a0 \u00a0 \u00a0 \u00a0 \u00a0 \u00a0 \u00a0 \u00a0 \u00a0 \u00a0 \u00a0 \u00a0 \u00a0 \u00a0 \u00a0 \u00a0 \u00a0 \u00a0 \u00a0 \u00a0 \u00a0 \u00a0 \u00a0 Einar Hallsson<\/p>\n<p style=\"text-align: left;\">ISFtCh Zeta\u00a0 \u00a0 \u00a0 \u00a0 \u00a0 \u00a0 \u00a0 \u00a0 \u00a0 \u00a0 \u00a0 \u00a0 \u00a0 \u00a0 \u00a0 \u00a0 \u00a0 \u00a0 \u00a0 \u00a0 \u00a0 \u00a0 \u00a0 \u00a0 \u00a0 \u00a0 \u00a0 \u00a0 \u00a0 \u00a0 \u00a0 Steinar \u00c1g\u00fastsson<\/p>\n<p style=\"text-align: left;\">ISFtCh Lj\u00f3ssins Bj\u00f6rt\u00a0 \u00a0 \u00a0 \u00a0 \u00a0 \u00a0 \u00a0 \u00a0 \u00a0 \u00a0 \u00a0 \u00a0 \u00a0 \u00a0 \u00a0 \u00a0 \u00a0 \u00a0 \u00a0 \u00a0 \u00a0 \u00a0 J\u00f3n H\u00e1kon Bjarnason<\/p>\n<p style=\"text-align: left;\">ISCH C.I.B. ISFtCh Rugdelias KMS Teitur\u00a0 \u00a0 \u00a0 Kjartan Antonsson<\/p>\n<p style=\"text-align: left;\">ISFtCh Moli\u00a0 \u00a0 \u00a0 \u00a0 \u00a0 \u00a0 \u00a0 \u00a0 \u00a0 \u00a0 \u00a0 \u00a0 \u00a0 \u00a0 \u00a0 \u00a0 \u00a0 \u00a0 \u00a0 \u00a0 \u00a0 \u00a0 \u00a0 \u00a0 \u00a0 \u00a0 \u00a0 \u00a0 \u00a0 \u00a0 \u00a0Geir Har\u00f0arsson<\/p>\n<p style=\"text-align: left;\">ISFtCh Esjugrundar Spyrna\u00a0 \u00a0 \u00a0 \u00a0 \u00a0 \u00a0 \u00a0 \u00a0 \u00a0 \u00a0 \u00a0 \u00a0 \u00a0 \u00a0 \u00a0 \u00a0 \u00a0Svafar Ragnarsson<\/p>\n<p style=\"text-align: left;\">ISFtCh ISCh C.I.B. Rw13 &amp; 14 Hei\u00f0nabergs Bylur von Greif\u00a0\u00a0\u00a0\u00a0\u00a0\u00a0 J\u00f3n Gar\u00f0ar \u00de\u00f3rarinsson.<\/p>\n<p>ISFtCh Vei\u00f0imela Karri\u00a0 \u00a0 \u00a0 \u00a0 \u00a0 \u00a0 \u00a0 \u00a0 \u00a0 \u00a0 \u00a0 \u00a0 \u00a0 \u00a0 \u00a0 \u00a0 \u00a0 \u00a0 \u00a0 \u00a0 P\u00e9tur Alan Gu\u00f0mundsson<\/p>\n<p>ISFtCh ISCh Hei\u00f0nabergs G\u00e1ta von Greif\u00a0 \u00a0 \u00a0 \u00a0 \u00a0J\u00f3n H\u00e1kon Bjarnason<\/p>\n<p>\u00a0<\/p>\n\n\n<p><\/p>\n\n\n\n<p><\/p>\n","protected":false},"excerpt":{"rendered":"<p>H\u00e9r a\u00f0 ne\u00f0an er listi yfir vei\u00f0imeistara af Vorsteh kyni. Vorsteh stofninn er sterkur \u00e1 \u00cdslandi sem s\u00e9st best \u00e1 \u00fev\u00ed hversu margir Vorsteh hundar hafa n\u00e1\u00f0 vei\u00f0imeistaratitlinum. Eigendur \u00feessara hunda geta veri\u00f0 stoltir af hundum s\u00ednum og \u00feeim \u00e1rangri &hellip; <a href=\"https:\/\/www.vorsteh.is\/?page_id=117\">Halda \u00e1fram a\u00f0 lesa <span class=\"meta-nav\">&rarr;<\/span><\/a><\/p>\n","protected":false},"author":1,"featured_media":0,"parent":18,"menu_order":0,"comment_status":"closed","ping_status":"closed","template":"","meta":{"_monsterinsights_skip_tracking":false,"_monsterinsights_sitenote_active":false,"_monsterinsights_sitenote_note":"","_monsterinsights_sitenote_category":0,"ngg_post_thumbnail":0,"_mc_calendar":[],"footnotes":""},"class_list":["post-117","page","type-page","status-publish","hentry"],"_links":{"self":[{"href":"https:\/\/www.vorsteh.is\/index.php?rest_route=\/wp\/v2\/pages\/117","targetHints":{"allow":["GET"]}}],"collection":[{"href":"https:\/\/www.vorsteh.is\/index.php?rest_route=\/wp\/v2\/pages"}],"about":[{"href":"https:\/\/www.vorsteh.is\/index.php?rest_route=\/wp\/v2\/types\/page"}],"author":[{"embeddable":true,"href":"https:\/\/www.vorsteh.is\/index.php?rest_route=\/wp\/v2\/users\/1"}],"replies":[{"embeddable":true,"href":"https:\/\/www.vorsteh.is\/index.php?rest_route=%2Fwp%2Fv2%2Fcomments&post=117"}],"version-history":[{"count":23,"href":"https:\/\/www.vorsteh.is\/index.php?rest_route=\/wp\/v2\/pages\/117\/revisions"}],"predecessor-version":[{"id":6740,"href":"https:\/\/www.vorsteh.is\/index.php?rest_route=\/wp\/v2\/pages\/117\/revisions\/6740"}],"up":[{"embeddable":true,"href":"https:\/\/www.vorsteh.is\/index.php?rest_route=\/wp\/v2\/pages\/18"}],"wp:attachment":[{"href":"https:\/\/www.vorsteh.is\/index.php?rest_route=%2Fwp%2Fv2%2Fmedia&parent=117"}],"curies":[{"name":"wp","href":"https:\/\/api.w.org\/{rel}","templated":true}]}}