{"id":123,"date":"2011-05-01T00:07:43","date_gmt":"2011-05-01T00:07:43","guid":{"rendered":"http:\/\/vu2057.harry.1984.is\/?page_id=123"},"modified":"2012-09-22T15:33:45","modified_gmt":"2012-09-22T15:33:45","slug":"gagnagrunnur","status":"publish","type":"page","link":"https:\/\/www.vorsteh.is\/?page_id=123","title":{"rendered":"Gagnagrunnur Vorsteh"},"content":{"rendered":"<p>Smelltu <a href=\"http:\/\/www.fuglahundadeild.is\/ListHundarLeit.aspx\" target=\"_blank\">h\u00e9r<\/a> ef \u00fe\u00fa vilt komast inn\u00e1 gagnagrunn Vorstehdeildar og Fuglahundadeildar.<\/p>\n<p>\u00de\u00fa getur \u00fdtt \u00e1 vorsteh-hnappinn og\u00a0 leita\u00f0 eftir nafni hunds til a\u00f0 uppl\u00fdsingar um vei\u00f0ipr\u00f3fs\u00e1rangra hans<\/p>\n","protected":false},"excerpt":{"rendered":"<p>Smelltu h\u00e9r ef \u00fe\u00fa vilt komast inn\u00e1 gagnagrunn Vorstehdeildar og Fuglahundadeildar. \u00de\u00fa getur \u00fdtt \u00e1 vorsteh-hnappinn og\u00a0 leita\u00f0 eftir nafni hunds til a\u00f0 uppl\u00fdsingar um vei\u00f0ipr\u00f3fs\u00e1rangra hans<\/p>\n","protected":false},"author":1,"featured_media":0,"parent":18,"menu_order":0,"comment_status":"closed","ping_status":"closed","template":"","meta":{"_monsterinsights_skip_tracking":false,"_monsterinsights_sitenote_active":false,"_monsterinsights_sitenote_note":"","_monsterinsights_sitenote_category":0,"ngg_post_thumbnail":0,"_mc_calendar":[],"footnotes":""},"class_list":["post-123","page","type-page","status-publish","hentry"],"_links":{"self":[{"href":"https:\/\/www.vorsteh.is\/index.php?rest_route=\/wp\/v2\/pages\/123","targetHints":{"allow":["GET"]}}],"collection":[{"href":"https:\/\/www.vorsteh.is\/index.php?rest_route=\/wp\/v2\/pages"}],"about":[{"href":"https:\/\/www.vorsteh.is\/index.php?rest_route=\/wp\/v2\/types\/page"}],"author":[{"embeddable":true,"href":"https:\/\/www.vorsteh.is\/index.php?rest_route=\/wp\/v2\/users\/1"}],"replies":[{"embeddable":true,"href":"https:\/\/www.vorsteh.is\/index.php?rest_route=%2Fwp%2Fv2%2Fcomments&post=123"}],"version-history":[{"count":10,"href":"https:\/\/www.vorsteh.is\/index.php?rest_route=\/wp\/v2\/pages\/123\/revisions"}],"predecessor-version":[{"id":125,"href":"https:\/\/www.vorsteh.is\/index.php?rest_route=\/wp\/v2\/pages\/123\/revisions\/125"}],"up":[{"embeddable":true,"href":"https:\/\/www.vorsteh.is\/index.php?rest_route=\/wp\/v2\/pages\/18"}],"wp:attachment":[{"href":"https:\/\/www.vorsteh.is\/index.php?rest_route=%2Fwp%2Fv2%2Fmedia&parent=123"}],"curies":[{"name":"wp","href":"https:\/\/api.w.org\/{rel}","templated":true}]}}