{"id":2473,"date":"2013-04-14T21:41:43","date_gmt":"2013-04-14T21:41:43","guid":{"rendered":"http:\/\/www.vorsteh.is\/?page_id=2473"},"modified":"2026-03-24T18:20:56","modified_gmt":"2026-03-24T18:20:56","slug":"adalfundir","status":"publish","type":"page","link":"https:\/\/www.vorsteh.is\/?page_id=2473","title":{"rendered":"\u00c1rsfundir"},"content":{"rendered":"\n<p><\/p>\n\n\n<p><a href=\"http:\/\/www.vorsteh.is\/wp-content\/uploads\/2026\/03\/Arsfundur-2026-Fundargerd-1.pdf\">\u00c1rsfundur 2026<\/a><\/p>\n<p><a href=\"http:\/\/www.vorsteh.is\/wp-content\/uploads\/2025\/03\/Arsfundur-Vorsteh-deildar-2025-2.pdf\">\u00c1rsfundur 2025<\/a><\/p>\n<p><a href=\"http:\/\/www.vorsteh.is\/wp-content\/uploads\/2024\/12\/Arsfundur2024-2.pdf\">\u00c1rsfundur 2024<\/a><\/p>\n<p><a href=\"http:\/\/www.vorsteh.is\/wp-content\/uploads\/2022\/04\/Fundarger\u00f0-a\u0301rsfundar-Vorsteh-deildar-fyrir-starfsa\u0301ri\u00f0-2021-1.pdf\">\u00c1rsfundur 2022<\/a><\/p>\n<p><a href=\"http:\/\/www.vorsteh.is\/wp-content\/uploads\/2021\/02\/Fundarger\u00f0-\u00c1rsfundar-2021-Vorstehdeild.pdf\">\u00c1rsfundur 2021<\/a><\/p>\n<p><a href=\"http:\/\/www.vorsteh.is\/wp-content\/uploads\/2020\/06\/\u00c1rsfundur-Vorsteh-2020.pdf\">\u00c1rsfundur 2020<\/a><\/p>\n<p><a href=\"http:\/\/www.vorsteh.is\/wp-content\/uploads\/2013\/04\/\u00e1rsfundur2019.pdf\">\u00c1rsfundur2019<\/a><\/p>\n<p><a href=\"http:\/\/www.vorsteh.is\/wp-content\/uploads\/2018\/03\/Fundarger\u00f0-a\u00f0alfundar-Vorstehdeildar-2018_2.pdf\" target=\"_blank\" rel=\"noopener noreferrer\">\u00c1rsfundur&nbsp;2018<\/a><\/p>\n<p><a href=\"http:\/\/www.vorsteh.is\/wp-content\/uploads\/2017\/02\/A\u00f0alfundur-Vorstehdeildar-2017-fundarger\u00f0.pdf\">\u00c1rsfundur 2017<\/a><\/p>\n<p><a href=\"http:\/\/www.vorsteh.is\/wp-content\/uploads\/2017\/02\/\u00c1rsfundur-Vorstehdeildar-Fundarfer\u00f0-2016.pdf\" target=\"_blank\" rel=\"noopener noreferrer\">\u00c1rsfundur 2016<\/a><\/p>\n<p><a href=\"http:\/\/www.vorsteh.is\/wp-content\/uploads\/2013\/04\/A\u00f0alfundur-Vorsteh-deildar-2014..pdf\">\u00c1rsfundur 2014<\/a><\/p>\n<p><a href=\"http:\/\/www.vorsteh.is\/wp-content\/uploads\/2013\/04\/A\u00f0alfundur-20133.docx\">\u00c1rsfundur 2013<\/a><\/p>\n<p><a href=\"http:\/\/www.vorsteh.is\/wp-content\/uploads\/2013\/04\/A\u00f0alfundur-2012.docx\">\u00c1rsfundur 2012<\/a><\/p>","protected":false},"excerpt":{"rendered":"<p>\u00c1rsfundur 2026 \u00c1rsfundur 2025 \u00c1rsfundur 2024 \u00c1rsfundur 2022 \u00c1rsfundur 2021 \u00c1rsfundur 2020 \u00c1rsfundur2019 \u00c1rsfundur&nbsp;2018 \u00c1rsfundur 2017 \u00c1rsfundur 2016 \u00c1rsfundur 2014 \u00c1rsfundur 2013 \u00c1rsfundur 2012<\/p>\n","protected":false},"author":1,"featured_media":0,"parent":5439,"menu_order":0,"comment_status":"closed","ping_status":"closed","template":"","meta":{"_monsterinsights_skip_tracking":false,"_monsterinsights_sitenote_active":false,"_monsterinsights_sitenote_note":"","_monsterinsights_sitenote_category":0,"ngg_post_thumbnail":0,"_mc_calendar":[],"footnotes":""},"class_list":["post-2473","page","type-page","status-publish","hentry"],"_links":{"self":[{"href":"https:\/\/www.vorsteh.is\/index.php?rest_route=\/wp\/v2\/pages\/2473","targetHints":{"allow":["GET"]}}],"collection":[{"href":"https:\/\/www.vorsteh.is\/index.php?rest_route=\/wp\/v2\/pages"}],"about":[{"href":"https:\/\/www.vorsteh.is\/index.php?rest_route=\/wp\/v2\/types\/page"}],"author":[{"embeddable":true,"href":"https:\/\/www.vorsteh.is\/index.php?rest_route=\/wp\/v2\/users\/1"}],"replies":[{"embeddable":true,"href":"https:\/\/www.vorsteh.is\/index.php?rest_route=%2Fwp%2Fv2%2Fcomments&post=2473"}],"version-history":[{"count":23,"href":"https:\/\/www.vorsteh.is\/index.php?rest_route=\/wp\/v2\/pages\/2473\/revisions"}],"predecessor-version":[{"id":7798,"href":"https:\/\/www.vorsteh.is\/index.php?rest_route=\/wp\/v2\/pages\/2473\/revisions\/7798"}],"up":[{"embeddable":true,"href":"https:\/\/www.vorsteh.is\/index.php?rest_route=\/wp\/v2\/pages\/5439"}],"wp:attachment":[{"href":"https:\/\/www.vorsteh.is\/index.php?rest_route=%2Fwp%2Fv2%2Fmedia&parent=2473"}],"curies":[{"name":"wp","href":"https:\/\/api.w.org\/{rel}","templated":true}]}}