{"id":2487,"date":"2013-04-14T21:46:49","date_gmt":"2013-04-14T21:46:49","guid":{"rendered":"http:\/\/www.vorsteh.is\/?page_id=2487"},"modified":"2026-02-25T21:52:47","modified_gmt":"2026-02-25T21:52:47","slug":"arsskyrslur-2","status":"publish","type":"page","link":"https:\/\/www.vorsteh.is\/?page_id=2487","title":{"rendered":"\u00c1rssk\u00fdrslur"},"content":{"rendered":"<p><a href=\"http:\/\/www.vorsteh.is\/wp-content\/uploads\/2026\/02\/Arsskyrsla-Vorstehdeildar-2025.pdf\">\u00c1rssk\u00fdrsla 2025<\/a><\/p>\n<p><a href=\"http:\/\/www.vorsteh.is\/wp-content\/uploads\/2025\/03\/Arsskyrsla-Vorstehdeildar-2024.pdf\">\u00c1rssk\u00fdrsla 2024<\/a><\/p>\n<p><a href=\"http:\/\/www.vorsteh.is\/wp-content\/uploads\/2022\/04\/A\u0301rssky\u0301rsla-Vorstehdeildar-2022-4.pdf\">\u00c1rssk\u00fdrsla 2022<\/a><\/p>\n<p><a href=\"http:\/\/www.vorsteh.is\/wp-content\/uploads\/2021\/02\/\u00c1rssk\u00fdrsla-Vorstehdeildar-2021.pdf\">\u00c1rssk\u00fdrsla 2021<\/a><\/p>\n<p><a href=\"http:\/\/www.vorsteh.is\/wp-content\/uploads\/2020\/06\/\u00c1rssk\u00fdrsla-Vorstehdeildar-2020-3.pdf\">\u00c1rssk\u00fdrsla 2019-20<\/a><\/p>\n<p><a href=\"http:\/\/www.vorsteh.is\/wp-content\/uploads\/2013\/04\/%C3%81rssk%C3%BDrsla-Vorstehdeildar-2018-2019.pdf\" target=\"_blank\" rel=\"noopener noreferrer\">\u00c1rssk\u00fdrsla 2018-19<\/a><\/p>\n<p><a href=\"http:\/\/www.vorsteh.is\/wp-content\/uploads\/2018\/03\/\u00c1rsskyrsla-Vorstehdeildar-20181.pdf\" target=\"_blank\" rel=\"noopener noreferrer\">\u00c1rssk\u00fdrsla 2017<\/a><\/p>\n<p><a href=\"http:\/\/www.vorsteh.is\/wp-content\/uploads\/2017\/02\/%C3%81rssk%C3%BDrsla-Vorstehdeildar-HRF%C3%8D-2016.pdf\" target=\"_blank\" rel=\"noopener noreferrer\">\u00c1rssk\u00fdrsla 2016<\/a><\/p>\n<p><a href=\"http:\/\/www.vorsteh.is\/wp-content\/uploads\/2013\/04\/%C3%81rssk%C3%BDrsla-2015..pdf\" target=\"_blank\" rel=\"noopener noreferrer\">\u00c1rssk\u00fdrsla 2015.<\/a><\/p>\n<p><a href=\"http:\/\/www.vorsteh.is\/wp-content\/uploads\/2013\/04\/%C3%81rssk%C3%BDrsla-2014.pdf\" target=\"_blank\" rel=\"noopener noreferrer\">\u00c1rssk\u00fdrsla 2014<\/a><\/p>\n<p><a href=\"http:\/\/www.vorsteh.is\/wp-content\/uploads\/2013\/04\/\u00c1rssk\u00fdrsla-2013-2014-Vorsteh.pdf\">\u00c1rssk\u00fdrsla 2013-2014<\/a><\/p>\n<p><a href=\"http:\/\/www.vorsteh.is\/wp-content\/uploads\/2013\/04\/\u00c1rssk\u00fdrsla-2011-2012-Vorsteh1.docx\">\u00c1rssk\u00fdrsla 2011-2012<\/a><\/p>\n<p><a href=\"http:\/\/www.vorsteh.is\/wp-content\/uploads\/2013\/04\/\u00c1rssk\u00fdrlsa-2010-20111.docx\">\u00c1rssk\u00fdrlsa-2010-2011<\/a><\/p>\n<p><a href=\"http:\/\/www.vorsteh.is\/wp-content\/uploads\/2013\/04\/\u00c1rssk\u00fdrsla-2009-20101.pdf\">\u00c1rssk\u00fdrsla 2009-2010<\/a><\/p>\n<p><a href=\"http:\/\/www.vorsteh.is\/wp-content\/uploads\/2013\/04\/\u00c1rssk\u00fdrsla-2008-20091.pdf\">\u00c1rssk\u00fdrsla 2008-2009<\/a><\/p>\n","protected":false},"excerpt":{"rendered":"<p>\u00c1rssk\u00fdrsla 2025 \u00c1rssk\u00fdrsla 2024 \u00c1rssk\u00fdrsla 2022 \u00c1rssk\u00fdrsla 2021 \u00c1rssk\u00fdrsla 2019-20 \u00c1rssk\u00fdrsla 2018-19 \u00c1rssk\u00fdrsla 2017 \u00c1rssk\u00fdrsla 2016 \u00c1rssk\u00fdrsla 2015. \u00c1rssk\u00fdrsla 2014 \u00c1rssk\u00fdrsla 2013-2014 \u00c1rssk\u00fdrsla 2011-2012 \u00c1rssk\u00fdrlsa-2010-2011 \u00c1rssk\u00fdrsla 2009-2010 \u00c1rssk\u00fdrsla 2008-2009<\/p>\n","protected":false},"author":1,"featured_media":0,"parent":5439,"menu_order":0,"comment_status":"closed","ping_status":"closed","template":"","meta":{"_monsterinsights_skip_tracking":false,"_monsterinsights_sitenote_active":false,"_monsterinsights_sitenote_note":"","_monsterinsights_sitenote_category":0,"ngg_post_thumbnail":0,"_mc_calendar":[],"footnotes":""},"class_list":["post-2487","page","type-page","status-publish","hentry"],"_links":{"self":[{"href":"https:\/\/www.vorsteh.is\/index.php?rest_route=\/wp\/v2\/pages\/2487","targetHints":{"allow":["GET"]}}],"collection":[{"href":"https:\/\/www.vorsteh.is\/index.php?rest_route=\/wp\/v2\/pages"}],"about":[{"href":"https:\/\/www.vorsteh.is\/index.php?rest_route=\/wp\/v2\/types\/page"}],"author":[{"embeddable":true,"href":"https:\/\/www.vorsteh.is\/index.php?rest_route=\/wp\/v2\/users\/1"}],"replies":[{"embeddable":true,"href":"https:\/\/www.vorsteh.is\/index.php?rest_route=%2Fwp%2Fv2%2Fcomments&post=2487"}],"version-history":[{"count":23,"href":"https:\/\/www.vorsteh.is\/index.php?rest_route=\/wp\/v2\/pages\/2487\/revisions"}],"predecessor-version":[{"id":7769,"href":"https:\/\/www.vorsteh.is\/index.php?rest_route=\/wp\/v2\/pages\/2487\/revisions\/7769"}],"up":[{"embeddable":true,"href":"https:\/\/www.vorsteh.is\/index.php?rest_route=\/wp\/v2\/pages\/5439"}],"wp:attachment":[{"href":"https:\/\/www.vorsteh.is\/index.php?rest_route=%2Fwp%2Fv2%2Fmedia&parent=2487"}],"curies":[{"name":"wp","href":"https:\/\/api.w.org\/{rel}","templated":true}]}}