{"id":2511,"date":"2013-04-14T21:57:41","date_gmt":"2013-04-14T21:57:41","guid":{"rendered":"http:\/\/www.vorsteh.is\/?page_id=2511"},"modified":"2026-02-24T17:05:13","modified_gmt":"2026-02-24T17:05:13","slug":"stjornarfundir","status":"publish","type":"page","link":"https:\/\/www.vorsteh.is\/?page_id=2511","title":{"rendered":"Stj\u00f3rnarfundir"},"content":{"rendered":"<p><strong>2025<\/strong><\/p>\n<p><a href=\"http:\/\/www.vorsteh.is\/wp-content\/uploads\/2026\/02\/2025.03.10-Fundurgerd-Stjornarfundar.pdf\">2025.03.10 &#8211; Fundurger\u00f0 Stj\u00f3rnarfundar<\/a><\/p>\n<p><a href=\"http:\/\/www.vorsteh.is\/wp-content\/uploads\/2026\/02\/2025.05.15-Fundargerd-Stjornarfundar.pdf\">2025.05.15 &#8211; Fundarger\u00f0 Stj\u00f3rnarfundar<\/a><\/p>\n<p><a href=\"http:\/\/www.vorsteh.is\/wp-content\/uploads\/2026\/02\/2025.05.28-Fundurgerd-Stjornarfundar.pdf\">2025.05.28 &#8211; Fundurger\u00f0 Stj\u00f3rnarfundar<\/a><\/p>\n<p><a href=\"http:\/\/www.vorsteh.is\/wp-content\/uploads\/2026\/02\/2025.06.11-Fundurgerd-Stjornarfundar.pdf\">2025.06.11 &#8211; Fundurger\u00f0 Stj\u00f3rnarfundar<\/a><\/p>\n<p><a href=\"http:\/\/www.vorsteh.is\/wp-content\/uploads\/2026\/02\/2025.08.28-Fundurgerd-Stjornarfundar.pdf\">2025.08.28 &#8211; Fundurger\u00f0 Stj\u00f3rnarfundar<\/a><\/p>\n<p><a href=\"http:\/\/www.vorsteh.is\/wp-content\/uploads\/2026\/02\/2025.09.27-Fundurgerd-Stjornarfundar.pdf\">2025.09.27 &#8211; Fundurger\u00f0 Stj\u00f3rnarfundar<\/a><\/p>\n<p><a href=\"http:\/\/www.vorsteh.is\/wp-content\/uploads\/2026\/02\/2025.11.11-Fundurgerd-Stjornarfundar.pdf\">2025.11.11 &#8211; Fundurger\u00f0 Stj\u00f3rnarfundar<\/a><\/p>\n<p><a href=\"http:\/\/www.vorsteh.is\/wp-content\/uploads\/2026\/02\/2025.12.03-Fundurgerd-Stjornarfundar.pdf\">2025.12.03 &#8211; Fundurger\u00f0 Stj\u00f3rnarfundar<\/a><\/p>\n<p><a href=\"http:\/\/www.vorsteh.is\/wp-content\/uploads\/2026\/02\/2026.01.06-Fundargerd-stjornarfundar.pdf\">2026.01.06 &#8211; Fundarger\u00f0 stj\u00f3rnarfundar<\/a><\/p>\n<p><a href=\"http:\/\/www.vorsteh.is\/wp-content\/uploads\/2026\/02\/2026.02.19-Fundargerd-Stjornarfundar.pdf\">2026.02.19 &#8211; Fundarger\u00f0 Stj\u00f3rnarfundar<\/a><\/p>\n<p><strong>2024<\/strong><\/p>\n<p><a href=\"http:\/\/www.vorsteh.is\/wp-content\/uploads\/2024\/03\/Fundur_01.pdf\">Stj\u00f3rnarfundur 1 &#8211; 4. mars 2024<\/a><\/p>\n<p><a href=\"http:\/\/www.vorsteh.is\/wp-content\/uploads\/2025\/03\/Fundur_02.pdf\">Stj\u00f3rnarfundur 2 &#8211; 2024<\/a><\/p>\n<p><a href=\"http:\/\/www.vorsteh.is\/wp-content\/uploads\/2025\/03\/Fundur_03.pdf\">Stj\u00f3rnarfundur 3 &#8211; 2024<\/a><\/p>\n<p><a href=\"http:\/\/www.vorsteh.is\/wp-content\/uploads\/2025\/03\/Fundur_04.pdf\">Stj\u00f3rnarfundur 4 &#8211; 2024<\/a><\/p>\n<p><a href=\"http:\/\/www.vorsteh.is\/wp-content\/uploads\/2025\/03\/Fundur_05.pdf\">Stj\u00f3rnarfundur 5 &#8211; 2024<\/a><\/p>\n<p><a href=\"http:\/\/www.vorsteh.is\/wp-content\/uploads\/2025\/03\/Fundur_06.pdf\">Stj\u00f3rnarfundur 6 &#8211; 2024<\/a><\/p>\n<p><strong>2023<\/strong><\/p>\n<p><strong>2022<\/strong><\/p>\n<p><a href=\"http:\/\/www.vorsteh.is\/wp-content\/uploads\/2023\/02\/Fundur-2911.pdf\">Stj\u00f3rnarfundur 29.11.2022<\/a><\/p>\n<p><strong>2019<\/strong><\/p>\n<p><a href=\"http:\/\/www.vorsteh.is\/wp-content\/uploads\/2019\/09\/Stj\u00f3rnarfundur-18.09.2019.pdf\">Stj\u00f3rnarfundur 18.09.2019<\/a><\/p>\n<p><a href=\"http:\/\/www.vorsteh.is\/wp-content\/uploads\/2019\/09\/Stj\u00f3rnarfundur-19.08.2019.pdf\">Stj\u00f3rnarfundur 19.08.2019<\/a><\/p>\n<p><a href=\"http:\/\/www.vorsteh.is\/wp-content\/uploads\/2019\/05\/Fundarger\u00f0-r\u00e6ktunarstj\u00f3rnar-16.05.2019.pdf\" target=\"_blank\" rel=\"noopener noreferrer\">Stj\u00f3rnarfundur 16.05.2019<\/a><\/p>\n<p><a href=\"http:\/\/www.vorsteh.is\/wp-content\/uploads\/2019\/05\/Fundarger\u00f0-r\u00e6ktunarstj\u00f3rnar-15.04.2019.pdf\" target=\"_blank\" rel=\"noopener noreferrer\">Stj\u00f3rnarfundur 15.04.2019<\/a><\/p>\n<p><a href=\"http:\/\/www.vorsteh.is\/wp-content\/uploads\/2019\/03\/Fundarger\u00f0-r\u00e6ktunarstj\u00f3rnar-29.03.2019.pdf\" target=\"_blank\" rel=\"noopener noreferrer\">Stj\u00f3rnarfundur 29.03.2019<\/a><\/p>\n<p><strong>2018<\/strong><\/p>\n<p><a href=\"http:\/\/www.vorsteh.is\/wp-content\/uploads\/2013\/04\/Stj\u00f3narfundur-18.9.2018.pdf\" target=\"_blank\" rel=\"noopener noreferrer\">Stj\u00f3rnarfundur 18.9.2018<\/a><\/p>\n<p><a href=\"http:\/\/www.vorsteh.is\/wp-content\/uploads\/2013\/04\/Stj\u00f3rnarfundur-16.6.2018.pdf\" target=\"_blank\" rel=\"noopener noreferrer\">Stj\u00f3rnarfundur 16.6.2018<\/a><\/p>\n<p><a href=\"http:\/\/www.vorsteh.is\/wp-content\/uploads\/2018\/05\/Stj\u00f3rnarfundur-27april2018.pdf\" target=\"_blank\" rel=\"noopener noreferrer\">Stj\u00f3rnarfundur 27.4.2018<\/a><\/p>\n<p><a href=\"http:\/\/www.vorsteh.is\/wp-content\/uploads\/2018\/04\/Stj\u00f3rnarfundur-23-mars.pdf\" target=\"_blank\" rel=\"noopener noreferrer\">Stj\u00f3rnarfundur 23.3.2018<\/a><\/p>\n<p><strong>2017<\/strong><\/p>\n<p><a href=\"http:\/\/www.vorsteh.is\/wp-content\/uploads\/2017\/12\/Stj\u00f3rnarfundur-8.11.pdf\" target=\"_blank\" rel=\"noopener noreferrer\">Stj\u00f3rnarfundur 8.11.2017<\/a><\/p>\n<p><a href=\"http:\/\/www.vorsteh.is\/wp-content\/uploads\/2017\/09\/Stj\u00f3narfundur-1.sept_.pdf\" target=\"_blank\" rel=\"noopener noreferrer\">Stj\u00f3rnarfundur 1.9.2017<\/a><\/p>\n<p><a href=\"http:\/\/www.vorsteh.is\/wp-content\/uploads\/2017\/09\/Stj%C3%B3narfundur-3.mai_.pdf\" target=\"_blank\" rel=\"noopener noreferrer\">Stj\u00f3rnarfundur 3.5.2017<\/a><\/p>\n<p><a href=\"http:\/\/www.vorsteh.is\/wp-content\/uploads\/2017\/02\/Stj\u00f3rnarfundur-20.1.2017.pdf\">Stj\u00f3rnarfundur 20.02.2017<\/a><\/p>\n<p><a href=\"http:\/\/www.vorsteh.is\/wp-content\/uploads\/2013\/04\/Stj\u00f3rnarfundur-9.1.2017.docx\">Stj\u00f3rnarfundur 9.1.2017<\/a><\/p>\n<p><strong>2016<\/strong><\/p>\n<p><a href=\"http:\/\/www.vorsteh.is\/wp-content\/uploads\/2013\/04\/Stj\u00f3rnarfundur-12.12.2016.docx\">Stj\u00f3rnarfundur 12.12.2016<\/a><\/p>\n<p><a href=\"http:\/\/www.vorsteh.is\/wp-content\/uploads\/2013\/04\/Stj\u00f3rnarfundur-12.10.2016.docx\">Stj\u00f3rnarfundur 12.10.2016<\/a><\/p>\n<p><a href=\"http:\/\/www.vorsteh.is\/wp-content\/uploads\/2013\/04\/Stj\u00f3rnarfundur-12.09.16.pdf\">stjornarfundur-12-09-16<\/a><\/p>\n<p><a href=\"http:\/\/www.vorsteh.is\/wp-content\/uploads\/2013\/04\/Stj\u00f3rnarfundur-03.08.16.pdf\">stjornarfundur-03-08-16<\/a><\/p>\n<p><a href=\"http:\/\/www.vorsteh.is\/wp-content\/uploads\/2013\/04\/Stj\u00f3rnarfundur-20.04.2016.pdf\">stjornarfundur-20-04-2016<\/a><\/p>\n<p><a href=\"http:\/\/www.vorsteh.is\/wp-content\/uploads\/2013\/04\/Stj\u00f3rnarfundur-14.03.2016.pdf\">Stj\u00f3rnarfundur 14.03.2016<\/a><\/p>\n<p><a href=\"http:\/\/www.vorsteh.is\/wp-content\/uploads\/2013\/04\/Stj\u00f3rnarfundur-17.02.161.pdf\" target=\"_blank\" rel=\"noopener noreferrer\">Stj\u00f3rnarfundur 17.02.16<\/a><\/p>\n<p><a href=\"http:\/\/www.vorsteh.is\/wp-content\/uploads\/2013\/04\/1.fundur-stj\u00f3rnar-2016.pdf\">Stj\u00f3rnarfundur&nbsp;12.01.2016<\/a><\/p>\n<p><strong>2015<\/strong><\/p>\n<p><a href=\"http:\/\/www.vorsteh.is\/wp-content\/uploads\/2013\/04\/stj\u00f3rnarfundur-2.12.15.pdf\">stj\u00f3rnarfundur 2.12.15<\/a><\/p>\n<p><a href=\"http:\/\/www.vorsteh.is\/wp-content\/uploads\/2013\/04\/stj\u00f3rnarfundur-8.10.15.pdf\">stj\u00f3rnarfundur 8.10.15<\/a><\/p>\n<p><a href=\"http:\/\/www.vorsteh.is\/wp-content\/uploads\/2013\/04\/stj\u00f3rnarfundur-28.9.15.pdf\">stj\u00f3rnarfundur 28.9.15<\/a><\/p>\n<p><a href=\"http:\/\/www.vorsteh.is\/wp-content\/uploads\/2013\/04\/Stj\u00f3rnarfundur-15.09.2015.pdf\">Stj\u00f3rnarfundur 15.09.2015<\/a><\/p>\n<p><a href=\"http:\/\/www.vorsteh.is\/wp-content\/uploads\/2013\/04\/Stj\u00f3rnarfundur-23.06.2015.pdf\">Stj\u00f3rnarfundur 23.06.2015<\/a><\/p>\n<p><a href=\"http:\/\/www.vorsteh.is\/wp-content\/uploads\/2013\/04\/Stj\u00f3rnarfundur-03.06.2015.pdf\">Stj\u00f3rnarfundur 03.06.2015<\/a><\/p>\n<p><strong>2014<\/strong><\/p>\n<p><a href=\"http:\/\/www.vorsteh.is\/wp-content\/uploads\/2013\/04\/Stj\u00f3rnarfundur-13.ma\u00ed-2014..pdf\">Stj\u00f3rnarfundur 13.05.2014.<\/a><\/p>\n<p><a href=\"http:\/\/www.vorsteh.is\/wp-content\/uploads\/2013\/04\/Stj\u00f3rnarfundu-21.04.-2015.pdf\">Stj\u00f3rnarfundu 21.04. 2015<\/a><\/p>\n<p><a href=\"http:\/\/www.vorsteh.is\/wp-content\/uploads\/2013\/04\/Stj\u00f3rnarfundur-14.apr\u00edl-2014.pdf\">Stj\u00f3rnarfundur 14.04.2014<\/a><\/p>\n<p><a href=\"http:\/\/www.vorsteh.is\/wp-content\/uploads\/2013\/04\/Stj\u00f3rnarfundur-27.mars_.2014-1.pdf\">Stj\u00f3rnarfundur 27.03.2014<\/a><\/p>\n<p><strong>2013<\/strong><\/p>\n<p><a href=\"http:\/\/www.vorsteh.is\/wp-content\/uploads\/2013\/04\/Stj\u00f3rnarfundur-24.03.2013.docx\">Stj\u00f3rnarfundur 24.03.2013<\/a><\/p>\n<p><a href=\"http:\/\/www.vorsteh.is\/wp-content\/uploads\/2013\/04\/Stj\u00f3rnarfundur-10.01.2013.docx\">Stj\u00f3rnarfundur 10.01.2013<\/a><\/p>\n<p><strong>2012<\/strong><\/p>\n<p><a href=\"http:\/\/www.vorsteh.is\/wp-content\/uploads\/2013\/04\/Stj\u00f3rnarfundur-20.09.2012.docx\">Stj\u00f3rnarfundur 20.09.2012<\/a><\/p>\n<p><a href=\"http:\/\/www.vorsteh.is\/wp-content\/uploads\/2013\/04\/Stj\u00f3rnarfundur-05.06.2012.docx\">Stj\u00f3rnarfundur 05.06.2012<\/a><\/p>\n<p><a href=\"http:\/\/www.vorsteh.is\/wp-content\/uploads\/2013\/04\/Sj\u00f3rnarfundur-14.05.2012.docx\">Sj\u00f3rnarfundur 14.05.2012<\/a><\/p>\n<p><a href=\"http:\/\/www.vorsteh.is\/wp-content\/uploads\/2013\/04\/Stj\u00f3rnarfundur-13.03.201212.docx\">Stj\u00f3rnarfundur 13.03.2012<\/a><\/p>\n<p><strong>2011<\/strong><\/p>\n<p><a href=\"http:\/\/www.vorsteh.is\/wp-content\/uploads\/2013\/04\/Fundarger\u00f0-20.06.114.docx\">Stj\u00f3rnarfundur 20.06.2011<\/a><\/p>\n<p><a href=\"http:\/\/www.vorsteh.is\/wp-content\/uploads\/2013\/04\/Stj\u00f3rnarfundur-29.04.20111.docx\">Stj\u00f3rnarfundur 29.04.2011<\/a><\/p>\n<p><a href=\"http:\/\/www.vorsteh.is\/wp-content\/uploads\/2013\/04\/Stj\u00f3rnarfundur-27.04.20111.docx\">Stj\u00f3rnarfundur 27.04.2011<\/a><\/p>\n","protected":false},"excerpt":{"rendered":"<p>2025 2025.03.10 &#8211; Fundurger\u00f0 Stj\u00f3rnarfundar 2025.05.15 &#8211; Fundarger\u00f0 Stj\u00f3rnarfundar 2025.05.28 &#8211; Fundurger\u00f0 Stj\u00f3rnarfundar 2025.06.11 &#8211; Fundurger\u00f0 Stj\u00f3rnarfundar 2025.08.28 &#8211; Fundurger\u00f0 Stj\u00f3rnarfundar 2025.09.27 &#8211; Fundurger\u00f0 Stj\u00f3rnarfundar 2025.11.11 &#8211; Fundurger\u00f0 Stj\u00f3rnarfundar 2025.12.03 &#8211; Fundurger\u00f0 Stj\u00f3rnarfundar 2026.01.06 &#8211; Fundarger\u00f0 stj\u00f3rnarfundar 2026.02.19 &#8211; Fundarger\u00f0 &hellip; <a href=\"https:\/\/www.vorsteh.is\/?page_id=2511\">Halda \u00e1fram a\u00f0 lesa <span class=\"meta-nav\">&rarr;<\/span><\/a><\/p>\n","protected":false},"author":1,"featured_media":0,"parent":5439,"menu_order":0,"comment_status":"closed","ping_status":"closed","template":"","meta":{"_monsterinsights_skip_tracking":false,"_monsterinsights_sitenote_active":false,"_monsterinsights_sitenote_note":"","_monsterinsights_sitenote_category":0,"ngg_post_thumbnail":0,"_mc_calendar":[],"footnotes":""},"class_list":["post-2511","page","type-page","status-publish","hentry"],"_links":{"self":[{"href":"https:\/\/www.vorsteh.is\/index.php?rest_route=\/wp\/v2\/pages\/2511","targetHints":{"allow":["GET"]}}],"collection":[{"href":"https:\/\/www.vorsteh.is\/index.php?rest_route=\/wp\/v2\/pages"}],"about":[{"href":"https:\/\/www.vorsteh.is\/index.php?rest_route=\/wp\/v2\/types\/page"}],"author":[{"embeddable":true,"href":"https:\/\/www.vorsteh.is\/index.php?rest_route=\/wp\/v2\/users\/1"}],"replies":[{"embeddable":true,"href":"https:\/\/www.vorsteh.is\/index.php?rest_route=%2Fwp%2Fv2%2Fcomments&post=2511"}],"version-history":[{"count":56,"href":"https:\/\/www.vorsteh.is\/index.php?rest_route=\/wp\/v2\/pages\/2511\/revisions"}],"predecessor-version":[{"id":7765,"href":"https:\/\/www.vorsteh.is\/index.php?rest_route=\/wp\/v2\/pages\/2511\/revisions\/7765"}],"up":[{"embeddable":true,"href":"https:\/\/www.vorsteh.is\/index.php?rest_route=\/wp\/v2\/pages\/5439"}],"wp:attachment":[{"href":"https:\/\/www.vorsteh.is\/index.php?rest_route=%2Fwp%2Fv2%2Fmedia&parent=2511"}],"curies":[{"name":"wp","href":"https:\/\/api.w.org\/{rel}","templated":true}]}}