{"id":274,"date":"2011-05-12T21:45:35","date_gmt":"2011-05-12T21:45:35","guid":{"rendered":"http:\/\/vu2057.harry.1984.is\/?page_id=274"},"modified":"2026-02-06T12:16:31","modified_gmt":"2026-02-06T12:16:31","slug":"viltu-kynnast-vorsteh","status":"publish","type":"page","link":"https:\/\/www.vorsteh.is\/?page_id=274","title":{"rendered":"Viltu kynnast Vorsteh?"},"content":{"rendered":"<p>H\u00e9r eru eigendur a\u00f0 Vorsteh hundum sem eru til \u00ed a\u00f0sto\u00f0a \u00feig ef \u00fe\u00fa vilt vita meira um Vorsteh (sn\u00f6ggh\u00e6r\u00f0an e\u00f0a\/og str\u00fdh\u00e6r\u00f0an) e\u00f0a langar jafnvel a\u00f0 f\u00e1 \u00fe\u00e9r hund af \u00feessari tegund.&nbsp; Alhli\u00f0a vei\u00f0i- og fj\u00f6lskylduhundar.<\/p>\n<ul>\n<li>Gr\u00e9ta og Kjartan, eiga sn\u00f6ggh\u00e6r\u00f0an S: 860\u20137274<\/li>\n<li>Gu\u00f0mundur P\u00e9tursson, \u00e1 sn\u00f6ggh\u00e6r\u00f0an S: 892\u20136328<\/li>\n<li>Hafr\u00fan Sigur\u00f0ard\u00f3ttir, \u00e1 sn\u00f6ggh\u00e6r\u00f0an S: 868-4172<\/li>\n<li>L\u00e1rus Eggertsson,&nbsp;\u00e1 str\u00fdh\u00e6r\u00f0an &nbsp;S:696-8890<\/li>\n<li>P\u00e9tur Alan Gu\u00f0mundsson, \u00e1 sn\u00f6ggh\u00e6r\u00f0an S: 896-2696<\/li>\n<li>J\u00f3n Gar\u00f0ar \u00de\u00f3rarinsson, \u00e1 sn\u00f6ggh\u00e6r\u00f0an S:&nbsp;894-3346<\/li>\n<\/ul>\n<p>Ef \u00fe\u00fa hefur \u00e1huga \u00e1 a\u00f0 vera \u00e1 \u00feessum lista, endilega sendu \u00fe\u00e1 nafn og s\u00edman\u00famer \u00e1 <a href=\"mailto:vorsteh@vorsteh.is\">vorsteh@vorsteh.is<\/a> og vi\u00f0 b\u00e6tum \u00fe\u00e9r inn.<\/p>\n","protected":false},"excerpt":{"rendered":"<p>H\u00e9r eru eigendur a\u00f0 Vorsteh hundum sem eru til \u00ed a\u00f0sto\u00f0a \u00feig ef \u00fe\u00fa vilt vita meira um Vorsteh (sn\u00f6ggh\u00e6r\u00f0an e\u00f0a\/og str\u00fdh\u00e6r\u00f0an) e\u00f0a langar jafnvel a\u00f0 f\u00e1 \u00fe\u00e9r hund af \u00feessari tegund.&nbsp; Alhli\u00f0a vei\u00f0i- og fj\u00f6lskylduhundar. Gr\u00e9ta og Kjartan, eiga &hellip; <a href=\"https:\/\/www.vorsteh.is\/?page_id=274\">Halda \u00e1fram a\u00f0 lesa <span class=\"meta-nav\">&rarr;<\/span><\/a><\/p>\n","protected":false},"author":1,"featured_media":0,"parent":18,"menu_order":0,"comment_status":"closed","ping_status":"closed","template":"","meta":{"_monsterinsights_skip_tracking":false,"_monsterinsights_sitenote_active":false,"_monsterinsights_sitenote_note":"","_monsterinsights_sitenote_category":0,"ngg_post_thumbnail":0,"_mc_calendar":[],"footnotes":""},"class_list":["post-274","page","type-page","status-publish","hentry"],"_links":{"self":[{"href":"https:\/\/www.vorsteh.is\/index.php?rest_route=\/wp\/v2\/pages\/274","targetHints":{"allow":["GET"]}}],"collection":[{"href":"https:\/\/www.vorsteh.is\/index.php?rest_route=\/wp\/v2\/pages"}],"about":[{"href":"https:\/\/www.vorsteh.is\/index.php?rest_route=\/wp\/v2\/types\/page"}],"author":[{"embeddable":true,"href":"https:\/\/www.vorsteh.is\/index.php?rest_route=\/wp\/v2\/users\/1"}],"replies":[{"embeddable":true,"href":"https:\/\/www.vorsteh.is\/index.php?rest_route=%2Fwp%2Fv2%2Fcomments&post=274"}],"version-history":[{"count":33,"href":"https:\/\/www.vorsteh.is\/index.php?rest_route=\/wp\/v2\/pages\/274\/revisions"}],"predecessor-version":[{"id":7730,"href":"https:\/\/www.vorsteh.is\/index.php?rest_route=\/wp\/v2\/pages\/274\/revisions\/7730"}],"up":[{"embeddable":true,"href":"https:\/\/www.vorsteh.is\/index.php?rest_route=\/wp\/v2\/pages\/18"}],"wp:attachment":[{"href":"https:\/\/www.vorsteh.is\/index.php?rest_route=%2Fwp%2Fv2%2Fmedia&parent=274"}],"curies":[{"name":"wp","href":"https:\/\/api.w.org\/{rel}","templated":true}]}}