{"id":282,"date":"2011-05-12T22:17:13","date_gmt":"2011-05-12T22:17:13","guid":{"rendered":"http:\/\/vu2057.harry.1984.is\/?page_id=282"},"modified":"2014-09-13T15:32:25","modified_gmt":"2014-09-13T15:32:25","slug":"aefingar","status":"publish","type":"page","link":"https:\/\/www.vorsteh.is\/?page_id=282","title":{"rendered":"\u00c6fingar"},"content":{"rendered":"<p>\u00c6fingar ver\u00f0a tilkynntar \u00e1 fors\u00ed\u00f0u heimas\u00ed\u00f0u deildarinnar og \u00e1 farcebook s\u00ed\u00f0u deildarinnar.<\/p>\n<p>Kve\u00f0ja Vorstehdeild<\/p>\n","protected":false},"excerpt":{"rendered":"<p>\u00c6fingar ver\u00f0a tilkynntar \u00e1 fors\u00ed\u00f0u heimas\u00ed\u00f0u deildarinnar og \u00e1 farcebook s\u00ed\u00f0u deildarinnar. Kve\u00f0ja Vorstehdeild<\/p>\n","protected":false},"author":1,"featured_media":0,"parent":43,"menu_order":0,"comment_status":"closed","ping_status":"closed","template":"","meta":{"_monsterinsights_skip_tracking":false,"_monsterinsights_sitenote_active":false,"_monsterinsights_sitenote_note":"","_monsterinsights_sitenote_category":0,"ngg_post_thumbnail":0,"_mc_calendar":[],"footnotes":""},"class_list":["post-282","page","type-page","status-publish","hentry"],"_links":{"self":[{"href":"https:\/\/www.vorsteh.is\/index.php?rest_route=\/wp\/v2\/pages\/282","targetHints":{"allow":["GET"]}}],"collection":[{"href":"https:\/\/www.vorsteh.is\/index.php?rest_route=\/wp\/v2\/pages"}],"about":[{"href":"https:\/\/www.vorsteh.is\/index.php?rest_route=\/wp\/v2\/types\/page"}],"author":[{"embeddable":true,"href":"https:\/\/www.vorsteh.is\/index.php?rest_route=\/wp\/v2\/users\/1"}],"replies":[{"embeddable":true,"href":"https:\/\/www.vorsteh.is\/index.php?rest_route=%2Fwp%2Fv2%2Fcomments&post=282"}],"version-history":[{"count":7,"href":"https:\/\/www.vorsteh.is\/index.php?rest_route=\/wp\/v2\/pages\/282\/revisions"}],"predecessor-version":[{"id":3331,"href":"https:\/\/www.vorsteh.is\/index.php?rest_route=\/wp\/v2\/pages\/282\/revisions\/3331"}],"up":[{"embeddable":true,"href":"https:\/\/www.vorsteh.is\/index.php?rest_route=\/wp\/v2\/pages\/43"}],"wp:attachment":[{"href":"https:\/\/www.vorsteh.is\/index.php?rest_route=%2Fwp%2Fv2%2Fmedia&parent=282"}],"curies":[{"name":"wp","href":"https:\/\/api.w.org\/{rel}","templated":true}]}}