{"id":34,"date":"2011-04-30T11:19:14","date_gmt":"2011-04-30T11:19:14","guid":{"rendered":"http:\/\/vu2057.harry.1984.is\/?page_id=34"},"modified":"2020-07-06T17:14:29","modified_gmt":"2020-07-06T17:14:29","slug":"hlekkir","status":"publish","type":"page","link":"https:\/\/www.vorsteh.is\/?page_id=34","title":{"rendered":"Bl\u00f3\u00f0sykursfall &#8211; hva\u00f0 er \u00fea\u00f0?"},"content":{"rendered":"<p>\u00dea\u00f0 sem bl\u00f3\u00f0sykursfall er \u00ed stuttu og au\u00f0veldu m\u00e1li er l\u00e6kkun \u00e1 bl\u00f3\u00f0sykri sem ver\u00f0ur \u00fea\u00f0 mikil a\u00f0 hlutf\u00f6llin fara undir \u00feau st\u00f6\u00f0ugleikam\u00f6rk sem hundurinn \u00fearf a\u00f0 hafa \u00ed l\u00edkamanum til a\u00f0 vi\u00f0halda orku og virkni. A\u00f0 horfa \u00e1 hundinn sinn \u00ed svona \u00e1standi er \u00e1takanlegt. E\u00f0lilega \u00fe\u00e1 vita f\u00e6stir hva\u00f0 m\u00f6gulega g\u00e6ti veri\u00f0 a\u00f0 gerast, einkennin geta veri\u00f0 \u00feannig a\u00f0 ekki er skr\u00edti\u00f0 a\u00f0 f\u00f3lki detti \u00ed hug a\u00f0 hundurinn s\u00e9 a\u00f0 drepast.<br \/>\n\u00dea\u00f0 sem veldur \u00feessu er eins og \u00e9g sag\u00f0i \u00e1\u00f0ur, bl\u00f3\u00f0sykurinn einhverra hluta vegna hr\u00ed\u00f0fellur. \u00dea\u00f0 getur spila\u00f0 inn \u00ed hvernig dag hundurinn er a\u00f0 eiga t.d l\u00e9legur a\u00f0 \u00e9ta undanfari\u00f0, a\u00f0 n\u00e1 s\u00e9r eftir pest e\u00f0a s\u00fdkingu.<br \/>\nHelsta ors\u00f6kin er a\u00f0 of langt er milli m\u00e1lt\u00ed\u00f0a \u00feegar mikil \u00e1reynsla er mi\u00f0a\u00f0 vi\u00f0 hvernig l\u00edkaminn er \u00feann daginn staddur gagnvart s\u00ednum gl\u00fak\u00f3sa.<br \/>\n\u00deetta \u00e1stand getur veri\u00f0 l\u00edfsh\u00e6ttulegt en er \u00fea\u00f0 sem betur fer sjaldnast hj\u00e1 heilbrig\u00f0um hundum en s\u00e9 t.d hundur \u00e1 sundi \u00ed vatni e\u00f0a \u00ed straumhar\u00f0ri \u00e1 er sta\u00f0an frekar vonlaus fyrir hann. Stundum er bl\u00f3\u00f0sykurfall v\u00edsbending um undirliggjandi sj\u00fakd\u00f3ms\u00e1stand og er algengur fylgikvilli sykurs\u00fdki en er \u00fea\u00f0 allt anna\u00f0 m\u00e1l og fr\u00e6\u00f0i heldur en \u00e9g \u00e6tla \u00fat \u00ed h\u00e9r enda ekki d\u00fdral\u00e6knir.<\/p>\n<p>Vi\u00f0 sj\u00e1um oft ekki byrjunar einkennin hj\u00e1 hundum eins og okkar vegna \u00feess a\u00f0 \u00feeir vinna langt fr\u00e1 okkur, \u00feeir eru heldur ekkert endilega a\u00f0 koma inn til okkar e\u00f0a eru ekki n\u00f3gu sn\u00f6ggir til \u00feess \u00e1\u00f0ur en l\u00e6kkunin er \u00fea\u00f0 mikil a\u00f0 \u00feeir fara a\u00f0 slaga e\u00f0a steinliggja.<br \/>\nEinkennin sem vi\u00f0 missum gjarnan af eru svimi, \u00f3sk\u00fdr sj\u00f3n, geta or\u00f0i\u00f0 utan vi\u00f0 sig, ver\u00f0a m\u00f3\u00f0ir svitamyndun eykst, breyttur hjartsl\u00e1ttur og bara mj\u00f6g skr\u00edtnir.<br \/>\n\u00deetta getur allt veri\u00f0 a\u00f0 gerast \u00feegar bl\u00f3\u00f0sykurinn er \u00e1 lei\u00f0inni ni\u00f0ur, \u00feegar hann er aftur \u00e1 m\u00f3ti komin h\u00e6ttulega langt ni\u00f0ur \u00fe\u00e1 gjarnan dettur hundurinn ni\u00f0ur, leggst, e\u00f0a n\u00e6r a\u00f0 skj\u00f6gra til okkar. \u00dea\u00f0 getur l\u00edka li\u00f0i\u00f0 yfir hundinn, komi\u00f0 mikill skj\u00e1lfti og v\u00f6\u00f0vakippir. Oftast eru augun skr\u00edtin og hundurinn er vi\u00f0utan. Bl\u00f3\u00f0sykurfall er ekki eins hj\u00e1 \u00f6llum hundum og reynist misjafnlega erfitt og alvarlegt. Flestir sem leita svara eftir a\u00f0 hundur hefur lent \u00ed \u00feessu f\u00e1 \u00fatsk\u00fdringuna flogakast og kannski kemur \u00feetta aftur og kannski ekki. \u00deetta vissulega getur l\u00edkst flogakasti enda eru flog \u00f3tr\u00falega margv\u00edsleg. \u00dear me\u00f0 g\u00e6ti ferill vei\u00f0ihunds sem \u00e1 nokkur g\u00f3\u00f0 \u00e1r eftir veri\u00f0 \u00feurrka\u00f0ur \u00fat og hann haf\u00f0ur heima af \u00f3tta vi\u00f0 a\u00f0 leggja of miki\u00f0 \u00e1 flogaveikan hund.<\/p>\n<p>Vi\u00f0 mannf\u00f3lki\u00f0 getum oftast redda\u00f0 okkur sj\u00e1lf og vitum hva\u00f0 er a\u00f0 gerast og hvernig \u00e1 a\u00f0 breg\u00f0ast vi\u00f0 \u00feegar bl\u00f3\u00f0sykurfall er a\u00f0 n\u00e1lgast hj\u00e1 okkur, allt anna\u00f0 m\u00e1l gegnir me\u00f0 hundana svo vi\u00f0 \u00feurfum a\u00f0 geta gripi\u00f0 inn \u00ed og hj\u00e1lpa\u00f0 \u00feeim. \u00dea\u00f0 er ekki margt sem h\u00e6gt er a\u00f0 gera uppi \u00e1 hei\u00f0i e\u00f0a fjalli ef hundur er kominn \u00ed \u00feetta \u00e1stand en \u00fea\u00f0 er frekar au\u00f0velt a\u00f0 koma \u00ed veg fyrir a\u00f0 \u00feetta komi fyrir. \u00dea\u00f0 eru samt au\u00f0veld r\u00e1\u00f0 sem vi\u00f0 getum gripi\u00f0 til og gott er a\u00f0 kunna \u00feau.<br \/>\nEf \u00feetta gerist er fyrst og fremst a\u00f0 reyna a\u00f0 koma ofan \u00ed hundinn einhverju s\u00e6tu. \u00cd bakpokanum er gott a\u00f0 hafa \u00fer\u00fagusykur og leysa hann upp me\u00f0 sm\u00e1 vatni ef hundurinn f\u00e6st til a\u00f0 drekka. S\u00fdr\u00f3p og hunang er h\u00e6gt a\u00f0 nota til a\u00f0 nudda inn \u00e1 g\u00f3minn og tannhold ef hundur f\u00e6st ekki til a\u00f0 \u00e9ta, \u00fea\u00f0 fr\u00e1sogast frekar flj\u00f3tt og hj\u00e1lpar. H\u00e6ttulegt getur veri\u00f0 a\u00f0 hella v\u00f6kva upp \u00ed hund af h\u00e6ttu \u00e1 a\u00f0 \u00fea\u00f0 fari ofan \u00ed lungu en vi\u00f0 getum l\u00edka nota\u00f0 t.d \u00e1vaxtasafa, Gatorade, kex, k\u00f6kusnei\u00f0 og \u00fdmislegt anna\u00f0 s\u00e6tt sem vi\u00f0 erum me\u00f0 ef hundur f\u00e6st til \u00e9ta e\u00f0a drekka. S\u00fakkula\u00f0i er ekki s\u00e9rlega \u00e6skilegt en notist ef anna\u00f0 er ekki til.<br \/>\n\u00deegar \u00feetta gerist er \u00e6fingunni e\u00f0a vei\u00f0ifer\u00f0inni er loki\u00f0, gr\u00ed\u00f0arlegt \u00e1lag og rugl \u00e1tti s\u00e9r \u00ed l\u00edkamanum sta\u00f0 og hundurinn \u00fearf hv\u00edld og n\u00e6ringu. A\u00f0 hafa samband vi\u00f0 d\u00fdral\u00e6kni er alltaf skynsamlegt og athuga hvort hann telji \u00fe\u00f6rf \u00e1 eftirfylgni.<\/p>\n<p>Vi\u00f0 getum lent \u00ed sm\u00e1 vandr\u00e6\u00f0um \u00feegar kemur a\u00f0 \u00fev\u00ed a\u00f0 f\u00f3\u00f0ra hunda \u00ed mikilli \u00e1reynslu, \u00fea\u00f0 er veri\u00f0 a\u00f0 reyna a\u00f0 for\u00f0ast Bloat sem er l\u00edfsh\u00e6ttulegt \u00e1stand me\u00f0 \u00fev\u00ed a\u00f0 gefa ekki st\u00f3rar m\u00e1lt\u00ed\u00f0ir fyrir og \u00e1 milli hlaupa en hundarnir \u00feurfa a\u00f0 \u00e9ta til a\u00f0 halda orku og f\u00e1 ekki bl\u00f3\u00f0sykurfall.<br \/>\n\u00dea\u00f0 sem reynst hefur best eru litlar, reglulegar og orkun\u00e6gar gjafir yfir daginn. \u00dea\u00f0 sem er gott fyrir hundana er a\u00f0 f\u00e1 sitt eigi\u00f0 f\u00f3\u00f0ur, l\u00edkaminn \u00feekkir \u00fea\u00f0 og \u00fe\u00e1 skapast heldur engin maga\u00f3not \u00e1 hlaupum. Setji\u00f0 \u00feurrf\u00f3\u00f0ri\u00f0 \u00feeirra \u00ed l\u00edtil box me\u00f0 g\u00f3\u00f0u loki og n\u00f3g vatn \u00fat \u00e1 til a\u00f0 f\u00f3\u00f0ri\u00f0 ver\u00f0i gegns\u00f3sa, gefi\u00f0 hundunum litla skammta af \u00feessu reglulega yfir daginn. \u00dei\u00f0 vatni\u00f0 \u00feeim eftir \u00fe\u00f6rfum eins og vanalega, b\u00faast m\u00e1 vi\u00f0 a\u00f0 \u00feeir vilji drekka a\u00f0eins minna en vanalega \u00fear sem t\u00f6luver\u00f0ur v\u00f6kvi var til sta\u00f0ar \u00ed f\u00f3\u00f0rinu.<br \/>\n\u00cd byrjun hlaupadags \u00e6tti ekki a\u00f0 gefa hundi meira en \u00bd vanalegan skammt og \u00fe\u00e1 helst a.m.k 1-2 klst fyrir hlaup. A\u00f0 degi loknum f\u00e6r hundurinn svo sinn venjulega matarskammt.<\/p>\n<p>H\u00f6fundur: Sigr\u00ed\u00f0ur Hr\u00f3lfsd\u00f3ttir.<\/p>\n","protected":false},"excerpt":{"rendered":"<p>\u00dea\u00f0 sem bl\u00f3\u00f0sykursfall er \u00ed stuttu og au\u00f0veldu m\u00e1li er l\u00e6kkun \u00e1 bl\u00f3\u00f0sykri sem ver\u00f0ur \u00fea\u00f0 mikil a\u00f0 hlutf\u00f6llin fara undir \u00feau st\u00f6\u00f0ugleikam\u00f6rk sem hundurinn \u00fearf a\u00f0 hafa \u00ed l\u00edkamanum til a\u00f0 vi\u00f0halda orku og virkni. A\u00f0 horfa \u00e1 hundinn &hellip; <a href=\"https:\/\/www.vorsteh.is\/?page_id=34\">Halda \u00e1fram a\u00f0 lesa <span class=\"meta-nav\">&rarr;<\/span><\/a><\/p>\n","protected":false},"author":1,"featured_media":0,"parent":18,"menu_order":1,"comment_status":"closed","ping_status":"closed","template":"","meta":{"_monsterinsights_skip_tracking":false,"_monsterinsights_sitenote_active":false,"_monsterinsights_sitenote_note":"","_monsterinsights_sitenote_category":0,"ngg_post_thumbnail":0,"_mc_calendar":[],"footnotes":""},"class_list":["post-34","page","type-page","status-publish","hentry"],"_links":{"self":[{"href":"https:\/\/www.vorsteh.is\/index.php?rest_route=\/wp\/v2\/pages\/34","targetHints":{"allow":["GET"]}}],"collection":[{"href":"https:\/\/www.vorsteh.is\/index.php?rest_route=\/wp\/v2\/pages"}],"about":[{"href":"https:\/\/www.vorsteh.is\/index.php?rest_route=\/wp\/v2\/types\/page"}],"author":[{"embeddable":true,"href":"https:\/\/www.vorsteh.is\/index.php?rest_route=\/wp\/v2\/users\/1"}],"replies":[{"embeddable":true,"href":"https:\/\/www.vorsteh.is\/index.php?rest_route=%2Fwp%2Fv2%2Fcomments&post=34"}],"version-history":[{"count":13,"href":"https:\/\/www.vorsteh.is\/index.php?rest_route=\/wp\/v2\/pages\/34\/revisions"}],"predecessor-version":[{"id":6417,"href":"https:\/\/www.vorsteh.is\/index.php?rest_route=\/wp\/v2\/pages\/34\/revisions\/6417"}],"up":[{"embeddable":true,"href":"https:\/\/www.vorsteh.is\/index.php?rest_route=\/wp\/v2\/pages\/18"}],"wp:attachment":[{"href":"https:\/\/www.vorsteh.is\/index.php?rest_route=%2Fwp%2Fv2%2Fmedia&parent=34"}],"curies":[{"name":"wp","href":"https:\/\/api.w.org\/{rel}","templated":true}]}}