{"id":472,"date":"2011-05-23T08:51:03","date_gmt":"2011-05-23T08:51:03","guid":{"rendered":"http:\/\/www.vorsteh.is\/?page_id=472"},"modified":"2019-03-30T20:35:28","modified_gmt":"2019-03-30T20:35:28","slug":"eydublod-veidiprof-og-syningar","status":"publish","type":"page","link":"https:\/\/www.vorsteh.is\/?page_id=472","title":{"rendered":"Ey\u00f0ubl\u00f6\u00f0 Vei\u00f0ipr\u00f3f og S\u00fdningar"},"content":{"rendered":"<p><a href=\"http:\/\/www.vorsteh.is\/wp-content\/uploads\/2011\/05\/Umsagnir-vei\u00f0ipr\u00f3fs\u00e1rangra.xls\">Umsagnir vei\u00f0ipr\u00f3fs\u00e1rangra<\/a><\/p>\n<p><a href=\"http:\/\/www.vorsteh.is\/wp-content\/uploads\/2011\/05\/Ey\u00f0ubla\u00f0-s\u00fdningar\u00e1rangrar.xls\">Ey\u00f0ubla\u00f0 s\u00fdningar\u00e1rangrar<\/a><\/p>\n<p>\u00deessi ey\u00f0ubl\u00f6\u00f0 ger\u00f0i Rafnkell J\u00f3nsson og vill leyfa okkur a\u00f0 nota bl\u00f6\u00f0 sem hann \u00fatbj\u00f3 fyrir b\u00e6\u00f0i s\u00fdningar og vei\u00f0ipr\u00f3f.<\/p>\n<p>Gott er a\u00f0 f\u00e6ra yfir \u00e1 \u00feessi umsagnir d\u00f3mara \u00e1 b\u00e6\u00f0i vei\u00f0ipr\u00f3fum og s\u00fdningum \u00fear sem bleki\u00f0 hverfur me\u00f0 t\u00edmanum af bl\u00f6\u00f0unum.<\/p>\n<p>Vill Vorstehdeild \u00feakka Rafnkeli\u00a0fyrir a\u00f0 f\u00e1 a\u00f0 birta \u00feetta h\u00e9r \u00e1 vefnum.<\/p>\n<p>Kve\u00f0ja Vorstehdeild<\/p>\n<div id=\"_mcePaste\" class=\"mcePaste\" style=\"position: absolute; width: 1px; height: 1px; overflow: hidden; top: 0px; left: -10000px;\"><\/div>\n","protected":false},"excerpt":{"rendered":"<p>Umsagnir vei\u00f0ipr\u00f3fs\u00e1rangra Ey\u00f0ubla\u00f0 s\u00fdningar\u00e1rangrar \u00deessi ey\u00f0ubl\u00f6\u00f0 ger\u00f0i Rafnkell J\u00f3nsson og vill leyfa okkur a\u00f0 nota bl\u00f6\u00f0 sem hann \u00fatbj\u00f3 fyrir b\u00e6\u00f0i s\u00fdningar og vei\u00f0ipr\u00f3f. Gott er a\u00f0 f\u00e6ra yfir \u00e1 \u00feessi umsagnir d\u00f3mara \u00e1 b\u00e6\u00f0i vei\u00f0ipr\u00f3fum og s\u00fdningum \u00fear sem &hellip; <a href=\"https:\/\/www.vorsteh.is\/?page_id=472\">Halda \u00e1fram a\u00f0 lesa <span class=\"meta-nav\">&rarr;<\/span><\/a><\/p>\n","protected":false},"author":1,"featured_media":0,"parent":30,"menu_order":4,"comment_status":"closed","ping_status":"closed","template":"","meta":{"_monsterinsights_skip_tracking":false,"_monsterinsights_sitenote_active":false,"_monsterinsights_sitenote_note":"","_monsterinsights_sitenote_category":0,"ngg_post_thumbnail":0,"_mc_calendar":[],"footnotes":""},"class_list":["post-472","page","type-page","status-publish","hentry"],"_links":{"self":[{"href":"https:\/\/www.vorsteh.is\/index.php?rest_route=\/wp\/v2\/pages\/472","targetHints":{"allow":["GET"]}}],"collection":[{"href":"https:\/\/www.vorsteh.is\/index.php?rest_route=\/wp\/v2\/pages"}],"about":[{"href":"https:\/\/www.vorsteh.is\/index.php?rest_route=\/wp\/v2\/types\/page"}],"author":[{"embeddable":true,"href":"https:\/\/www.vorsteh.is\/index.php?rest_route=\/wp\/v2\/users\/1"}],"replies":[{"embeddable":true,"href":"https:\/\/www.vorsteh.is\/index.php?rest_route=%2Fwp%2Fv2%2Fcomments&post=472"}],"version-history":[{"count":4,"href":"https:\/\/www.vorsteh.is\/index.php?rest_route=\/wp\/v2\/pages\/472\/revisions"}],"predecessor-version":[{"id":5686,"href":"https:\/\/www.vorsteh.is\/index.php?rest_route=\/wp\/v2\/pages\/472\/revisions\/5686"}],"up":[{"embeddable":true,"href":"https:\/\/www.vorsteh.is\/index.php?rest_route=\/wp\/v2\/pages\/30"}],"wp:attachment":[{"href":"https:\/\/www.vorsteh.is\/index.php?rest_route=%2Fwp%2Fv2%2Fmedia&parent=472"}],"curies":[{"name":"wp","href":"https:\/\/api.w.org\/{rel}","templated":true}]}}