{"id":50,"date":"2011-04-30T12:08:57","date_gmt":"2011-04-30T12:08:57","guid":{"rendered":"http:\/\/vu2057.harry.1984.is\/?page_id=50"},"modified":"2019-06-07T10:38:37","modified_gmt":"2019-06-07T10:38:37","slug":"hafdu-samband","status":"publish","type":"page","link":"https:\/\/www.vorsteh.is\/?page_id=50","title":{"rendered":"Vorstehdeild"},"content":{"rendered":"<p>Ef \u00fe\u00fa vilt n\u00e1 sambandi vi\u00f0 stj\u00f3rn Vorsteh deildar, e\u00f0a koma me\u00f0 \u00e1bendingar var\u00f0andi heimas\u00ed\u00f0una, \u00a0\u00fe\u00e1 endilega sendu okkur t\u00f6lvup\u00f3st \u00e1:<\/p>\n<p>vorsteh ( hj\u00e1 ) vorsteh.is<\/p>\n<p>e\u00f0a finndu okkur \u00e1 <a href=\"https:\/\/www.facebook.com\/groups\/VorstehdeildHRFI\/\" target=\"_blank\" rel=\"noopener noreferrer\">facebook\u00a0<img loading=\"lazy\" decoding=\"async\" class=\"alignnone  wp-image-5480\" src=\"http:\/\/www.vorsteh.is\/wp-content\/uploads\/2011\/04\/Facebook-01.png\" alt=\"Facebook-01\" width=\"26\" height=\"26\" srcset=\"https:\/\/www.vorsteh.is\/wp-content\/uploads\/2011\/04\/Facebook-01.png 280w, https:\/\/www.vorsteh.is\/wp-content\/uploads\/2011\/04\/Facebook-01-150x150.png 150w\" sizes=\"auto, (max-width: 26px) 100vw, 26px\" \/><\/a><\/p>\n","protected":false},"excerpt":{"rendered":"<p>Ef \u00fe\u00fa vilt n\u00e1 sambandi vi\u00f0 stj\u00f3rn Vorsteh deildar, e\u00f0a koma me\u00f0 \u00e1bendingar var\u00f0andi heimas\u00ed\u00f0una, \u00a0\u00fe\u00e1 endilega sendu okkur t\u00f6lvup\u00f3st \u00e1: vorsteh ( hj\u00e1 ) vorsteh.is e\u00f0a finndu okkur \u00e1 facebook\u00a0<\/p>\n","protected":false},"author":1,"featured_media":0,"parent":0,"menu_order":7,"comment_status":"closed","ping_status":"closed","template":"","meta":{"_monsterinsights_skip_tracking":false,"_monsterinsights_sitenote_active":false,"_monsterinsights_sitenote_note":"","_monsterinsights_sitenote_category":0,"ngg_post_thumbnail":0,"_mc_calendar":[],"footnotes":""},"class_list":["post-50","page","type-page","status-publish","hentry"],"_links":{"self":[{"href":"https:\/\/www.vorsteh.is\/index.php?rest_route=\/wp\/v2\/pages\/50","targetHints":{"allow":["GET"]}}],"collection":[{"href":"https:\/\/www.vorsteh.is\/index.php?rest_route=\/wp\/v2\/pages"}],"about":[{"href":"https:\/\/www.vorsteh.is\/index.php?rest_route=\/wp\/v2\/types\/page"}],"author":[{"embeddable":true,"href":"https:\/\/www.vorsteh.is\/index.php?rest_route=\/wp\/v2\/users\/1"}],"replies":[{"embeddable":true,"href":"https:\/\/www.vorsteh.is\/index.php?rest_route=%2Fwp%2Fv2%2Fcomments&post=50"}],"version-history":[{"count":17,"href":"https:\/\/www.vorsteh.is\/index.php?rest_route=\/wp\/v2\/pages\/50\/revisions"}],"predecessor-version":[{"id":6059,"href":"https:\/\/www.vorsteh.is\/index.php?rest_route=\/wp\/v2\/pages\/50\/revisions\/6059"}],"wp:attachment":[{"href":"https:\/\/www.vorsteh.is\/index.php?rest_route=%2Fwp%2Fv2%2Fmedia&parent=50"}],"curies":[{"name":"wp","href":"https:\/\/api.w.org\/{rel}","templated":true}]}}