{"id":85,"date":"2011-04-30T15:06:52","date_gmt":"2011-04-30T15:06:52","guid":{"rendered":"http:\/\/vu2057.harry.1984.is\/?page_id=85"},"modified":"2026-02-20T01:08:24","modified_gmt":"2026-02-20T01:08:24","slug":"stjorn-og-nefndir-2","status":"publish","type":"page","link":"https:\/\/www.vorsteh.is\/?page_id=85","title":{"rendered":"Stj\u00f3rn og nefndir"},"content":{"rendered":"<p><strong>R\u00e6ktunarstj\u00f3rn:<\/strong><\/p>\n<ul>\n<li>Fri\u00f0rik \u00de\u00f3r Hjartason \u2013 Forma\u00f0ur<\/li>\n<li>Sigr\u00fan Gu\u00f0mundsd\u00f3ttir \u2013 Gjaldkeri<\/li>\n<li>J\u00f3n Valdimarsson \u2013 Ritari<\/li>\n<li>Eyd\u00eds Gr\u00e9ta Gu\u00f0brandsd\u00f3ttir \u2013 Stj\u00f3rnarme\u00f0limur<\/li>\n<li>Hafr\u00fan Sigur\u00f0ard\u00f3ttir \u2013 Stj\u00f3rnarme\u00f0limur<\/li>\n<\/ul>\n<p><strong>Gagnav\u00f6r\u00f0ur: <\/strong><\/p>\n<p>Hafr\u00fan Sigur\u00f0ard\u00f3ttir&nbsp; hafrun (hj\u00e1) svartnaettis.is &nbsp; S: 868-4172<\/p>\n<p><strong>S\u00fdningarnefnd:<\/strong><\/p>\n<p>Hafr\u00fan Sigur\u00f0ard\u00f3ttir<\/p>\n<p><strong>Ritnefnd\/Heimas\u00ed\u00f0a<\/strong><\/p>\n<p>J\u00f3n Valdimarsson og Hafr\u00fan Sigur\u00f0ard\u00f3ttir<\/p>\n<p><strong>Fulltr\u00fai Vorstehdeildar \u00ed Vei\u00f0ipr\u00f3fanefnd tegundah\u00f3ps 7:<\/strong><\/p>\n<p>Arna \u00d3lafsd\u00f3ttir<\/p>\n<p><strong>Fulltr\u00faar&nbsp; Vorstehdeildar \u00ed Endusko\u00f0unarnefnd&nbsp; vei\u00f0ipr\u00f3fsreglna fyrir tegundah\u00f3ps 7:<\/strong><\/p>\n<p>J\u00f3n Valdimarsson<\/p>\n<p><strong>Fulltr\u00fai Vorstehdeildar \u00ed S\u00fdninganefnd HRF\u00cd:<\/strong><\/p>\n<p>Hafr\u00fan Sigur\u00f0ard\u00f3ttir<\/p>\n<p><strong>Vorstehdeild:<\/strong><\/p>\n<p><strong>Kt. 580711-1380<\/strong><\/p>\n<p><strong>0327-26-057111<\/strong><\/p>\n<p><strong>IBAN: IS02032726057-111-5807-111-380<\/strong><\/p>\n<p><strong>SWIFT: ESJA IS RE<br \/>\n<\/strong><\/p>\n<h2>&nbsp;<\/h2>\n","protected":false},"excerpt":{"rendered":"<p>R\u00e6ktunarstj\u00f3rn: Fri\u00f0rik \u00de\u00f3r Hjartason \u2013 Forma\u00f0ur Sigr\u00fan Gu\u00f0mundsd\u00f3ttir \u2013 Gjaldkeri J\u00f3n Valdimarsson \u2013 Ritari Eyd\u00eds Gr\u00e9ta Gu\u00f0brandsd\u00f3ttir \u2013 Stj\u00f3rnarme\u00f0limur Hafr\u00fan Sigur\u00f0ard\u00f3ttir \u2013 Stj\u00f3rnarme\u00f0limur Gagnav\u00f6r\u00f0ur: Hafr\u00fan Sigur\u00f0ard\u00f3ttir&nbsp; hafrun (hj\u00e1) svartnaettis.is &nbsp; S: 868-4172 S\u00fdningarnefnd: Hafr\u00fan Sigur\u00f0ard\u00f3ttir Ritnefnd\/Heimas\u00ed\u00f0a J\u00f3n Valdimarsson og Hafr\u00fan &hellip; <a href=\"https:\/\/www.vorsteh.is\/?page_id=85\">Halda \u00e1fram a\u00f0 lesa <span class=\"meta-nav\">&rarr;<\/span><\/a><\/p>\n","protected":false},"author":1,"featured_media":0,"parent":30,"menu_order":0,"comment_status":"closed","ping_status":"closed","template":"","meta":{"_monsterinsights_skip_tracking":false,"_monsterinsights_sitenote_active":false,"_monsterinsights_sitenote_note":"","_monsterinsights_sitenote_category":0,"ngg_post_thumbnail":0,"_mc_calendar":[],"footnotes":""},"class_list":["post-85","page","type-page","status-publish","hentry"],"_links":{"self":[{"href":"https:\/\/www.vorsteh.is\/index.php?rest_route=\/wp\/v2\/pages\/85","targetHints":{"allow":["GET"]}}],"collection":[{"href":"https:\/\/www.vorsteh.is\/index.php?rest_route=\/wp\/v2\/pages"}],"about":[{"href":"https:\/\/www.vorsteh.is\/index.php?rest_route=\/wp\/v2\/types\/page"}],"author":[{"embeddable":true,"href":"https:\/\/www.vorsteh.is\/index.php?rest_route=\/wp\/v2\/users\/1"}],"replies":[{"embeddable":true,"href":"https:\/\/www.vorsteh.is\/index.php?rest_route=%2Fwp%2Fv2%2Fcomments&post=85"}],"version-history":[{"count":62,"href":"https:\/\/www.vorsteh.is\/index.php?rest_route=\/wp\/v2\/pages\/85\/revisions"}],"predecessor-version":[{"id":7747,"href":"https:\/\/www.vorsteh.is\/index.php?rest_route=\/wp\/v2\/pages\/85\/revisions\/7747"}],"up":[{"embeddable":true,"href":"https:\/\/www.vorsteh.is\/index.php?rest_route=\/wp\/v2\/pages\/30"}],"wp:attachment":[{"href":"https:\/\/www.vorsteh.is\/index.php?rest_route=%2Fwp%2Fv2%2Fmedia&parent=85"}],"curies":[{"name":"wp","href":"https:\/\/api.w.org\/{rel}","templated":true}]}}